{"id":85712,"date":"2020-08-04T07:18:37","date_gmt":"2020-08-04T07:18:37","guid":{"rendered":"https:\/\/www.okencasa.com\/aviso-legal\/"},"modified":"2023-04-12T10:01:50","modified_gmt":"2023-04-12T08:01:50","slug":"aviso-legal","status":"publish","type":"page","link":"https:\/\/okencasa.com\/eu\/aviso-legal\/","title":{"rendered":"Lege oharra"},"content":{"rendered":"<div class=\"wpb-content-wrapper\"><p>[vc_row row_height_percent=&#8221;0&#8243; override_padding=&#8221;yes&#8221; h_padding=&#8221;2&#8243; top_padding=&#8221;4&#8243; bottom_padding=&#8221;4&#8243; back_color=&#8221;color-200743&#8243; overlay_alpha=&#8221;0&#8243; gutter_size=&#8221;3&#8243; column_width_percent=&#8221;100&#8243; shift_y=&#8221;0&#8243; z_index=&#8221;0&#8243; enable_top_divider=&#8221;default&#8221; top_divider_inv=&#8221;curve-asym-opacity&#8221; shape_top_invert=&#8221;yes&#8221; shape_top_flip=&#8221;yes&#8221; shape_top_h_use_pixel=&#8221;&#8221; shape_top_height=&#8221;50&#8243; shape_top_color=&#8221;color-154535&#8243; shape_top_opacity=&#8221;100&#8243; shape_top_index=&#8221;0&#8243; enable_bottom_divider=&#8221;default&#8221; bottom_divider_inv=&#8221;curve-asym-opacity&#8221; shape_bottom_invert=&#8221;yes&#8221; shape_bottom_h_use_pixel=&#8221;&#8221; shape_bottom_height=&#8221;100&#8243; shape_bottom_color=&#8221;color-000&#8243; shape_bottom_opacity=&#8221;100&#8243; shape_bottom_index=&#8221;0&#8243;][vc_column width=&#8221;1\/4&#8243;][\/vc_column][vc_column width=&#8221;1\/2&#8243;][vc_column_text uncode_shortcode_id=&#8221;137800&#8243;]<\/p>\n<h1>Aviso legal<\/h1>\n<p>El art\u00edculo 10 de la Ley 34\/2002, de 11 de julio, de Servicios de la Sociedad de la Informaci\u00f3n y de Comercio Electr\u00f3nico establece la obligaci\u00f3n de todos los prestadores de servicios de la sociedad de la informaci\u00f3n de disponer de medios que permitan, tanto a los destinatarios del servicio como a los \u00f3rganos competentes, a acceder por medios electr\u00f3nicos, de forma permanente, f\u00e1cil, directa y gratuita a determinada informaci\u00f3n que proporcionamos en este apartado.<\/p>\n<p>Datos del titular del sitio web <strong>www.okencasa.com<\/strong><\/p>\n<ul>\n<li><strong>Titular:<\/strong> DIGIZEN INTERACTIVE S.L. (En adelante, el Titular OKENCASA)<\/li>\n<li><strong>CIF:<\/strong> B-42812859<\/li>\n<li><strong>Domicilio social:<\/strong> Edificio Akarregi \u00b7 Pol\u00edgono Akarregi, 10 \u00b7 Planta 1\u00aa \u00b7 Oficina 114 \u00b7 20120 Hernani<\/li>\n<li>+34 943 096443<\/li>\n<li>Correo electr\u00f3nico: okencasa@www.okencasa.com<\/li>\n<\/ul>\n<p><strong>Usuarios\/as<\/strong>.<\/p>\n<p>El acceso y\/o uso de este sitio web le atribuye la condici\u00f3n de \u201cusuario\/a\u201d, y acepta, desde dicho acceso y\/o uso, el presente Aviso Legal y, en su caso, los cambios efectuados en el mismo. El usuario\/a asume la responsabilidad del uso del sitio web. Dicha responsabilidad se extiende a la informaci\u00f3n que nos facilite en los formularios de este sitio web.<\/p>\n<p><strong>Aceptaci\u00f3n y uso correcto<\/strong><\/p>\n<p>Al usar ese sitio web, se entiende que el usuario\/a se compromete a hacer un buen uso del mismo conforme a la ley, la moral y el orden p\u00fablico. En particular:<\/p>\n<ul>\n<li>No debe utilizar esta web para enviar publicidad no solicitada o expresamente consentida.<\/li>\n<li>No debe emplear el contenido de la web de OKENCASA para realizar actividades il\u00edcitas, ilegales o contrarias a la buena fe y orden p\u00fablico.<\/li>\n<li>No debe eliminar o modificar ninguna menci\u00f3n o notificaci\u00f3n relativa a la titularidad de los derechos de autor, de las marcas, ni ninguna otra disposici\u00f3n sobre propiedad intelectual incluidas en el contenido de OKENCASA.<\/li>\n<li>No debe introducir o difundir en la red programas maliciosos (virus o malware) susceptibles de provocar da\u00f1os en los sistemas inform\u00e1ticos del proveedor de acceso, sus proveedores o terceros usuario\/as de Internet.<\/li>\n<\/ul>\n<p><strong>Modificaciones<\/strong><\/p>\n<p>OKENCASA se reserva el derecho de modificar en cualquier momento los contenidos, informaciones, las presentes condiciones de uso, pol\u00edticas de privacidad y dem\u00e1s avisos legales. En este caso, informaremos a los usuarios a trav\u00e9s de este mismo sitio web o enviando un correo electr\u00f3nico informativo a quien nos lo solicite al objeto de que puedan decidir si desean continuar utilizando el sitio web.<\/p>\n<p><strong>Enlaces externos<\/strong><\/p>\n<p>En este sitio web pueden existir enlaces a otros sitios o p\u00e1ginas web de terceros, si bien el Titular no asume ning\u00fan tipo de responsabilidad sobre ellos ya que no tiene ning\u00fan tipo de control sobre los mismos. Por ello, el usuario\/a accede bajo su exclusiva responsabilidad tanto al contenido que ofrecen como a sus condiciones de uso.<\/p>\n<p><strong>Derechos de autor y propiedad intelectual<\/strong><\/p>\n<p>El usuario\/a reconoce y acepta que todas las marcas, nombres comerciales o signos distintivos, contenidos, todos los derechos de propiedad industrial e intelectual, y\/o cualesquiera otros elementos insertados en OKENCASA, son propiedad exclusiva de el Titular y\/o de terceros, quienes tiene el derecho exclusivo para utilizarlos en el tr\u00e1fico econ\u00f3mico. En ning\u00fan caso el acceso a OKENCASA implica ning\u00fan tipo de renuncia, transmisi\u00f3n, licencia o cesi\u00f3n total ni parcial de dichos derechos, salvo que se establezca expresamente lo contrario.<\/p>\n<p>De acuerdo con lo expuesto en el p\u00e1rrafo anterior, los usuarios de OKENCASA tienen prohibida su reproducci\u00f3n, copia, cesi\u00f3n, distribuci\u00f3n, modificaci\u00f3n o cualquier otro uso, de forma total o parcial, respecto de la informaci\u00f3n y contenido de OKENCASA sin la autorizaci\u00f3n previa y por escrita de el Titular.<\/p>\n<p>Todos los contenidos propios de la aplicaci\u00f3n OKENCASA entendiendo por \u00e9stos, a t\u00edtulo meramente enunciativo y no exhaustivo, los textos, fotograf\u00edas, gr\u00e1ficos, im\u00e1genes, iconos, tecnolog\u00eda, software, links y dem\u00e1s contenidos audiovisuales o sonoros, as\u00ed como su dise\u00f1o gr\u00e1fico y c\u00f3digos fuente y objeto, son propiedad intelectual de OKENCASA o de terceros, sin que puedan entenderse cedidos al usuario\/a ninguno de los derechos de explotaci\u00f3n reconocidos por la normativa vigente en materia de propiedad intelectual sobre los mismos.<\/p>\n<p><strong>Comunicaciones comerciales y campa\u00f1as comerciales<\/strong><\/p>\n<p>De acuerdo con lo dispuesto por la Ley 34\/2002, de 11 de julio, de Servicios de la Sociedad de la Informaci\u00f3n y de Comercio Electr\u00f3nico se informa a los usuarios de OKENCASA que no se les enviar\u00e1 publicidad o comunicaciones comerciales por correo electr\u00f3nico u otros medios de comunicaci\u00f3n electr\u00f3nica equivalentes sin su previa solicitud o consentimiento.<\/p>\n<p>En caso de que OKENCASA le remita env\u00edos publicitarios o comerciales se identificar\u00e1n debidamente mediante la palabra \u201cpublicidad\u201d o la abreviatura \u201cpubli\u201d para no inducir a error. No obstante, en todo caso los usuarios pondr\u00e1n oponerse o manifestar su negativa a la recepci\u00f3n de informaci\u00f3n comercial por medios electr\u00f3nicos enviando un correo a OKENCASA o a trav\u00e9s del mecanismo t\u00e9cnico incluido en cada una de estas comunicaciones.<\/p>\n<p><strong>Protecci\u00f3n de datos de car\u00e1cter personal<\/strong><\/p>\n<p>En el presente sitio web se recaban datos personales a trav\u00e9s del formulario de contacto. Todos los datos recabados a trav\u00e9s de este sitio web ser\u00e1n tratados conforme a la normativa vigente en cada momento y siempre de acuerdo con nuestra Pol\u00edtica de Privacidad, que puede consultarse <a href=\"https:\/\/www.okencasa.com\/politica-de-privacidad\/\">aqu\u00ed (Pol\u00edtica de Privacidad)<\/a> y que los usuarios deber\u00e1n leer y aceptar antes de facilitar sus datos. Complementariamente, este sitio web puede necesitar para su funcionamiento normal el uso de &#8220;Cookies&#8221; o peque\u00f1os archivos que los sitios web env\u00edan al navegador y que se almacenan en el terminal del usuario. Para hacer un uso completo del contenido y las funciones personalizadas de este sitio web, el navegador de su ordenador o dispositivo m\u00f3vil debe aceptar estas cookies. Para conocer como y porqu\u00e9 se utilizan cookies en este sitio web puede consultar nuestra <a href=\"https:\/\/www.okencasa.com\/politica-de-cookies\/\">pol\u00edtica de cookies<\/a>.<\/p>\n<p><strong>Responsabilidad<\/strong><\/p>\n<p>El Titular declara que ha adoptado las medidas necesarias que, dentro de sus posibilidades y el estado de la tecnolog\u00eda, permitan el correcto funcionamiento de OKENCASA, as\u00ed como la ausencia de virus y componentes da\u00f1inos.<\/p>\n<p>El Titular no asume ninguna responsabilidad por da\u00f1os que se puedan causar en los equipos o sistemas de los usuarios por posibles virus inform\u00e1ticos que se hubieran podido contraer por la navegaci\u00f3n del usuario\/a en el sitio web. El Titular no se hace responsable, en caso de existir interrupciones del servicio, demoras o mal funcionamiento cuando se deban a causas ajenas al control del Titular o por fuerza mayor.<\/p>\n<p><strong>Legislaci\u00f3n aplicable y jurisdicci\u00f3n<\/strong><\/p>\n<p>Para la resoluci\u00f3n de todas las controversias o cuestiones relacionadas con el presente sitio web o de las actividades en \u00e9l desarrolladas, ser\u00e1 de aplicaci\u00f3n la legislaci\u00f3n espa\u00f1ola, a la que se somete expresamente el usuario, siendo competentes para la resoluci\u00f3n de todos los conflictos derivados o relaciones con su uso los Juzgados y Tribunales de Donostia-San Sebasti\u00e1n (Gipuzkoa), salvo que la ley prevea expresamente otra jurisdicci\u00f3n.[\/vc_column_text][\/vc_column][vc_column width=&#8221;1\/4&#8243;][\/vc_column][\/vc_row]<\/p>\n<\/div>","protected":false},"excerpt":{"rendered":"<p>[vc_row row_height_percent=&#8221;0&#8243; override_padding=&#8221;yes&#8221; h_padding=&#8221;2&#8243; top_padding=&#8221;4&#8243; bottom_padding=&#8221;4&#8243; back_color=&#8221;color-200743&#8243; overlay_alpha=&#8221;0&#8243; gutter_size=&#8221;3&#8243; column_width_percent=&#8221;100&#8243; shift_y=&#8221;0&#8243; z_index=&#8221;0&#8243; enable_top_divider=&#8221;default&#8221; top_divider_inv=&#8221;curve-asym-opacity&#8221; shape_top_invert=&#8221;yes&#8221; shape_top_flip=&#8221;yes&#8221; shape_top_h_use_pixel=&#8221;&#8221; shape_top_height=&#8221;50&#8243; shape_top_color=&#8221;color-154535&#8243; shape_top_opacity=&#8221;100&#8243; [&hellip;]<\/p>\n","protected":false},"author":2,"featured_media":0,"parent":0,"menu_order":5,"comment_status":"closed","ping_status":"closed","template":"","meta":{"footnotes":""},"class_list":["post-85712","page","type-page","status-publish","hentry"],"yoast_head":"<!-- This site is optimized with the Yoast SEO plugin v23.7 - https:\/\/yoast.com\/wordpress\/plugins\/seo\/ -->\n<title>Okencasa \u00b7 Lege oharra<\/title>\n<meta name=\"description\" content=\"Lege oharra.\" \/>\n<meta name=\"robots\" content=\"index, follow, max-snippet:-1, max-image-preview:large, max-video-preview:-1\" \/>\n<link rel=\"canonical\" href=\"https:\/\/okencasa.com\/eu\/aviso-legal\/\" \/>\n<meta property=\"og:locale\" content=\"en_US\" \/>\n<meta property=\"og:type\" content=\"article\" \/>\n<meta property=\"og:title\" content=\"Okencasa \u00b7 Lege oharra\" \/>\n<meta property=\"og:description\" content=\"Lege oharra.\" \/>\n<meta property=\"og:url\" content=\"https:\/\/okencasa.com\/eu\/aviso-legal\/\" \/>\n<meta property=\"og:site_name\" content=\"OKencasa - Cuidando a quienes cuidan\" \/>\n<meta property=\"article:publisher\" content=\"https:\/\/www.facebook.com\/okencasa\" \/>\n<meta property=\"article:modified_time\" content=\"2023-04-12T08:01:50+00:00\" \/>\n<meta name=\"twitter:card\" content=\"summary_large_image\" \/>\n<meta name=\"twitter:site\" content=\"@okencasa\" \/>\n<meta name=\"twitter:label1\" content=\"Est. reading time\" \/>\n\t<meta name=\"twitter:data1\" content=\"6 minutua\" \/>\n<script type=\"application\/ld+json\" class=\"yoast-schema-graph\">{\"@context\":\"https:\/\/schema.org\",\"@graph\":[{\"@type\":\"WebPage\",\"@id\":\"https:\/\/okencasa.com\/eu\/aviso-legal\/\",\"url\":\"https:\/\/okencasa.com\/eu\/aviso-legal\/\",\"name\":\"Okencasa \u00b7 Lege oharra\",\"isPartOf\":{\"@id\":\"https:\/\/okencasa.com\/eu\/#website\"},\"datePublished\":\"2020-08-04T07:18:37+00:00\",\"dateModified\":\"2023-04-12T08:01:50+00:00\",\"description\":\"Lege oharra.\",\"breadcrumb\":{\"@id\":\"https:\/\/okencasa.com\/eu\/aviso-legal\/#breadcrumb\"},\"inLanguage\":\"eu\",\"potentialAction\":[{\"@type\":\"ReadAction\",\"target\":[\"https:\/\/okencasa.com\/eu\/aviso-legal\/\"]}]},{\"@type\":\"BreadcrumbList\",\"@id\":\"https:\/\/okencasa.com\/eu\/aviso-legal\/#breadcrumb\",\"itemListElement\":[{\"@type\":\"ListItem\",\"position\":1,\"name\":\"Portada\",\"item\":\"https:\/\/okencasa.com\/eu\/\"},{\"@type\":\"ListItem\",\"position\":2,\"name\":\"Lege oharra\"}]},{\"@type\":\"WebSite\",\"@id\":\"https:\/\/okencasa.com\/eu\/#website\",\"url\":\"https:\/\/okencasa.com\/eu\/\",\"name\":\"OKencasa - Cuidando a quienes cuidan\",\"description\":\"Programa de apoyo a personas que cuidan a familiares dependientes en el domicilio.\",\"potentialAction\":[{\"@type\":\"SearchAction\",\"target\":{\"@type\":\"EntryPoint\",\"urlTemplate\":\"https:\/\/okencasa.com\/eu\/?s={search_term_string}\"},\"query-input\":{\"@type\":\"PropertyValueSpecification\",\"valueRequired\":true,\"valueName\":\"search_term_string\"}}],\"inLanguage\":\"eu\"}]}<\/script>\n<!-- \/ Yoast SEO plugin. -->","yoast_head_json":{"title":"Okencasa \u00b7 Lege oharra","description":"Lege oharra.","robots":{"index":"index","follow":"follow","max-snippet":"max-snippet:-1","max-image-preview":"max-image-preview:large","max-video-preview":"max-video-preview:-1"},"canonical":"https:\/\/okencasa.com\/eu\/aviso-legal\/","og_locale":"en_US","og_type":"article","og_title":"Okencasa \u00b7 Lege oharra","og_description":"Lege oharra.","og_url":"https:\/\/okencasa.com\/eu\/aviso-legal\/","og_site_name":"OKencasa - Cuidando a quienes cuidan","article_publisher":"https:\/\/www.facebook.com\/okencasa","article_modified_time":"2023-04-12T08:01:50+00:00","twitter_card":"summary_large_image","twitter_site":"@okencasa","twitter_misc":{"Est. reading time":"6 minutua"},"schema":{"@context":"https:\/\/schema.org","@graph":[{"@type":"WebPage","@id":"https:\/\/okencasa.com\/eu\/aviso-legal\/","url":"https:\/\/okencasa.com\/eu\/aviso-legal\/","name":"Okencasa \u00b7 Lege oharra","isPartOf":{"@id":"https:\/\/okencasa.com\/eu\/#website"},"datePublished":"2020-08-04T07:18:37+00:00","dateModified":"2023-04-12T08:01:50+00:00","description":"Lege oharra.","breadcrumb":{"@id":"https:\/\/okencasa.com\/eu\/aviso-legal\/#breadcrumb"},"inLanguage":"eu","potentialAction":[{"@type":"ReadAction","target":["https:\/\/okencasa.com\/eu\/aviso-legal\/"]}]},{"@type":"BreadcrumbList","@id":"https:\/\/okencasa.com\/eu\/aviso-legal\/#breadcrumb","itemListElement":[{"@type":"ListItem","position":1,"name":"Portada","item":"https:\/\/okencasa.com\/eu\/"},{"@type":"ListItem","position":2,"name":"Lege oharra"}]},{"@type":"WebSite","@id":"https:\/\/okencasa.com\/eu\/#website","url":"https:\/\/okencasa.com\/eu\/","name":"OKencasa - Cuidando a quienes cuidan","description":"Programa de apoyo a personas que cuidan a familiares dependientes en el domicilio.","potentialAction":[{"@type":"SearchAction","target":{"@type":"EntryPoint","urlTemplate":"https:\/\/okencasa.com\/eu\/?s={search_term_string}"},"query-input":{"@type":"PropertyValueSpecification","valueRequired":true,"valueName":"search_term_string"}}],"inLanguage":"eu"}]}},"_links":{"self":[{"href":"https:\/\/okencasa.com\/eu\/wp-json\/wp\/v2\/pages\/85712"}],"collection":[{"href":"https:\/\/okencasa.com\/eu\/wp-json\/wp\/v2\/pages"}],"about":[{"href":"https:\/\/okencasa.com\/eu\/wp-json\/wp\/v2\/types\/page"}],"author":[{"embeddable":true,"href":"https:\/\/okencasa.com\/eu\/wp-json\/wp\/v2\/users\/2"}],"replies":[{"embeddable":true,"href":"https:\/\/okencasa.com\/eu\/wp-json\/wp\/v2\/comments?post=85712"}],"version-history":[{"count":5,"href":"https:\/\/okencasa.com\/eu\/wp-json\/wp\/v2\/pages\/85712\/revisions"}],"predecessor-version":[{"id":86340,"href":"https:\/\/okencasa.com\/eu\/wp-json\/wp\/v2\/pages\/85712\/revisions\/86340"}],"wp:attachment":[{"href":"https:\/\/okencasa.com\/eu\/wp-json\/wp\/v2\/media?parent=85712"}],"curies":[{"name":"wp","href":"https:\/\/api.w.org\/{rel}","templated":true}]}}