{"id":85706,"date":"2020-08-04T07:46:22","date_gmt":"2020-08-04T07:46:22","guid":{"rendered":"https:\/\/www.okencasa.com\/politica-de-privacidad\/"},"modified":"2023-04-13T09:42:24","modified_gmt":"2023-04-13T07:42:24","slug":"politica-de-privacidad","status":"publish","type":"page","link":"https:\/\/okencasa.com\/eu\/politica-de-privacidad\/","title":{"rendered":"Pribatutasun politika"},"content":{"rendered":"<div class=\"wpb-content-wrapper\"><p>[vc_row row_height_percent=&#8221;0&#8243; override_padding=&#8221;yes&#8221; h_padding=&#8221;2&#8243; top_padding=&#8221;4&#8243; bottom_padding=&#8221;4&#8243; back_color=&#8221;color-200743&#8243; overlay_alpha=&#8221;0&#8243; gutter_size=&#8221;3&#8243; column_width_percent=&#8221;100&#8243; shift_y=&#8221;0&#8243; z_index=&#8221;0&#8243; enable_top_divider=&#8221;default&#8221; top_divider_inv=&#8221;curve-asym-opacity&#8221; shape_top_invert=&#8221;yes&#8221; shape_top_flip=&#8221;yes&#8221; shape_top_h_use_pixel=&#8221;&#8221; shape_top_height=&#8221;50&#8243; shape_top_color=&#8221;color-154535&#8243; shape_top_opacity=&#8221;100&#8243; shape_top_index=&#8221;0&#8243; enable_bottom_divider=&#8221;default&#8221; bottom_divider_inv=&#8221;curve-asym-opacity&#8221; shape_bottom_invert=&#8221;yes&#8221; shape_bottom_h_use_pixel=&#8221;&#8221; shape_bottom_height=&#8221;100&#8243; shape_bottom_color=&#8221;color-000&#8243; shape_bottom_opacity=&#8221;100&#8243; shape_bottom_index=&#8221;0&#8243;][vc_column width=&#8221;1\/4&#8243;][\/vc_column][vc_column width=&#8221;1\/2&#8243;][vc_column_text uncode_shortcode_id=&#8221;187673&#8243;]<\/p>\n<h1>Pol\u00edtica de privacidad<\/h1>\n<p>Esta Pol\u00edtica de privacidad se aplica a los tratamientos de datos personales resultantes del acceso y participaci\u00f3n en el servicio OKENCASA, con las finalidades que m\u00e1s adelante se detallan. Por la propia naturaleza del servicio, la participaci\u00f3n en OKENCASA supone que usted nos facilite una serie de datos personales, incluidos datos autoevaluados sobre su estado f\u00edsico o emocional.<\/p>\n<p>Le rogamos que lea atentamente este documento y que, si tiene alguna duda respecto de su contenido, nos la haga saber a trav\u00e9s de cualquiera de los medios de contacto que aqu\u00ed se detallan, antes de aceptar su contenido \u00edntegro. Si no est\u00e1 usted de acuerdo con los t\u00e9rminos de esta Pol\u00edtica, no acceda ni participe en OKENCASA.<\/p>\n<p>Conforme a la normativa de Protecci\u00f3n de Datos, le informamos de los siguientes aspectos:<\/p>\n<h4 data-index=\"1.--quien-es-el-responsable-del-tratamiento-de-sus-datos-personales\">\u00bfQui\u00e9n es el responsable del tratamiento de sus datos personales?<\/h4>\n<p>El responsable del tratamiento de sus datos personales es:<\/p>\n<p><strong>DIGIZEN INTERACTIVE S.L<\/strong><\/p>\n<p><strong> NIF: B42812859<\/strong><\/p>\n<p>Edificio Akarregi \u00b7 Pol\u00edgono Akarregi, 10 \u00b7 Planta 1\u00aa \u00b7 Oficina 114<br \/>\n20120 Hernani<\/p>\n<p>Tfno.: +34 943 096443<\/p>\n<p>Correo electr\u00f3nico: <a href=\"mailto:okencasa@www.okencasa.com\">okencasa@www.okencasa.com<\/a>, inscrita en el Registro Mercantil de Gipuzkoa, al Tomo 2986, Folio 24, Hoja SS-43498, Inscripci\u00f3n 1\u00aa.<\/p>\n<h4 data-index=\"2.--con-que-finalidades-vamos-a-tratar-sus-datos-personales\">\u00bfCon qu\u00e9 finalidades vamos a tratar sus datos personales?<\/h4>\n<ul>\n<li>Para gestionar su alta y participaci\u00f3n en OKENCASA que permite, mediante la aplicaci\u00f3n inform\u00e1tica ZAINDOO instalada en un dispositivo m\u00f3vil, la autovaloraci\u00f3n que el usuario\/a realiza de su estado f\u00edsico y emocional para su seguimiento y\/o monitorizaci\u00f3n en el contexto (familiar o no) de cuidados a personas dependientes.<\/li>\n<li>Para elaborar un perfil de cada usuario\/a de OKENCASA en base a la autoevaluaci\u00f3n de los datos relativos a su estado f\u00edsico y\/o emocional introducidos en la aplicaci\u00f3n y a la evoluci\u00f3n de los mismos durante el tiempo en que el usuario\/a utilice el servicio.<\/li>\n<li>Para, en base al perfil anteriormente citado, desarrollar un plan de intervenci\u00f3n psicoeducativa mediante informaci\u00f3n, formaci\u00f3n y apoyo psicosocial online personalizadas, con el objetivo de incrementar la calidad del cuidado y del auto-cuidado.<\/li>\n<li>Para gestionar las comunicaciones con los participantes en OKENCASA y, a trav\u00e9s de la aplicaci\u00f3n inform\u00e1tica asociada al servicio (ZAINDOO), gestionar las comunicaciones entre los miembros de un mismo equipo de cuidados.<\/li>\n<li>Para crear un programa de puntos que proporcione a las familias acceso a servicios valiosos en un contexto de cuidados.<\/li>\n<li>Para fines estad\u00edsticos y\/o de investigaci\u00f3n socio sanitaria, facilitando a los gestores socio sanitarios de los distintos niveles de la Administraci\u00f3n P\u00fablica implicados en el sistema de cuidados, un sistema de explotaci\u00f3n de la informaci\u00f3n acerca del estado de las familias que cuidan.<\/li>\n<li>Para facilitarle la conexi\u00f3n a Internet en el caso de que no disponga de ella (solo datos de identificaci\u00f3n y domicilio).<\/li>\n<\/ul>\n<p>Los datos personales que vamos a tratar son aquellos imprescindibles que el servicio de OKENCASA pueda prestarse al usuario\/a. Recogeremos datos relativos a su <strong>direcci\u00f3n o domicilio, nombre, edad, circunstancias personales o familiares y datos relativos a su estado f\u00edsico y\/o emocional <\/strong>en base a la autoevaluaci\u00f3n que el usuario\/a realiza mediante la aplicaci\u00f3n OKENCASA-ZAINDOO<\/p>\n<p>Tambi\u00e9n es necesario para la prestaci\u00f3n del servicio de OKENCASA que usted nos facilite algunos datos sobre las <strong>personas a las que cuida<\/strong>, sean familiares suyos o no, tales como su <strong>nombre, la enfermedad que padecen y el grado de dependencia<\/strong> que, eventualmente, tengan reconocido.<\/p>\n<p>Entendemos y es su responsabilidad, que al utilizar OKENCASA y facilitarnos los datos de las personas a las que cuida, usted nos garantiza que, en los casos en que sea factible, les ha informado y tiene la autorizaci\u00f3n de \u00e9stas para ello<\/p>\n<p>Para poder utilizar OKENCASA es necesario recoger, al inicio del servicio y, durante su desarrollo, los datos necesarios para el funcionamiento de la aplicaci\u00f3n OKENCASA-ZAINDOO, de forma que las finalidades previstas en esta pol\u00edtica de privacidad puedan realizarse. Si usted no nos facilita estos datos, no podr\u00e1 ser usuario\/a de OKENCASA.<\/p>\n<p>No trataremos sus datos personales para ninguna otra finalidad distinta de las descritas anteriormente salvo que venga impuesto por ley.<\/p>\n<p><strong>Medidas de seguridad<\/strong><\/p>\n<p>OKENCASA adoptar\u00e1 en su sistema de informaci\u00f3n las medidas t\u00e9cnicas y organizativas adecuadas, dando cumplimiento al principio de responsabilidad pro-activa, a fin de garantizar la seguridad y confidencialidad de los datos almacenados, evitando as\u00ed, su alteraci\u00f3n, p\u00e9rdida, tratamiento o acceso no autorizado; teniendo en cuenta el estado de la t\u00e9cnica, los costes de aplicaci\u00f3n, y la naturaleza, el alcance, el contexto y los fines del tratamiento, as\u00ed como riesgos de probabilidad y gravedad variables asociadas a cada uno de los tratamientos.<\/p>\n<p><strong>Plazo de conservaci\u00f3n<\/strong>Los datos personales proporcionados por usted se conservar\u00e1n durante el per\u00edodo de tiempo en el que usted sea usuario\/a de OKENCASA. Con posterioridad a este plazo de tiempo, los datos facilitados podr\u00e1n conservarse por el responsable, <strong>debidamente anonimizados,<\/strong> para fines de investigaci\u00f3n o estad\u00edsticos. Todo ello, sin perjuicio de la posibilidad de ejercitar su derecho de supresi\u00f3n, en cuyo caso OKENCASA bloquear\u00e1 sus datos durante el tiempo que persistan sus obligaciones legales.<\/p>\n<h4 data-index=\"3.--cual-es-la-base-legal-para-que-podamos-tratar-sus-datos\">\u00bfCu\u00e1l es la base legal para que podamos tratar sus datos?<\/h4>\n<p>La base legal para el tratamiento de sus datos, con las finalidades anteriormente descritas,<strong> es su propio consentimiento, <\/strong>que le solicitaremos cuando usted se registra como usuario\/a en la aplicaci\u00f3n inform\u00e1tica OKENCASA-ZAINDOO, mediante la activaci\u00f3n de la casilla correspondiente del formulario de registro.<\/p>\n<p><strong>Consentimiento expreso para el tratamiento de datos de salud<br \/>\n<\/strong><\/p>\n<p>Como usuario\/a de OKENCASA, usted entiende y nos autoriza expresamente a que tratemos los datos indispensables que puedan ser considerados como datos relativos a la salud seg\u00fan la definici\u00f3n que de los mismos que se establece en el art\u00edculo 4, apartado 15 del REGLAMENTO (UE) 2016\/679 (RGPD) para que el servicio y la aplicaci\u00f3n OKENCASA-ZAINDOO puedan ejecutarse.<\/p>\n<p>En dicho formulario, usted ha podido acceder, tanto a la informaci\u00f3n b\u00e1sica sobre protecci\u00f3n de datos, como a la ampliaci\u00f3n y detalles aqu\u00ed contenidos que se encuentran accesibles a trav\u00e9s del enlace web <a href=\"https:\/\/www.okencasa.com\/es\/politica-de-privacidad\/\">https:\/\/www.okencasa.com\/es\/politica-de-privacidad\/<\/a>.<\/p>\n<h4 data-index=\"4.--destinatarios-de-cesiones-o-transferencias.\">Destinatarios de cesiones o transferencias<\/h4>\n<p>Para el completo desarrollo de OKENCASA, algunos de sus datos personales, podr\u00e1n ser cedidos o comunicados a terceras entidades distintas de DIGIZEN INTERACTIVE, encargadas de prestar algunos servicios necesarios para el funcionamiento o relacionados con OKENCASA, como por ejemplo, el alojamiento de la p\u00e1gina web de OKENCASA.<\/p>\n<ul>\n<li>Sus datos de identificaci\u00f3n y\/o relativos a su salud podr\u00e1n ser comunicados a las Administraciones P\u00fablicas encargadas de la gesti\u00f3n de los servicios socio sanitarios relacionados derivados del servicio de OKENCASA.<\/li>\n<li>Sus datos b\u00e1sicos de identificaci\u00f3n y\/ o contacto, podr\u00e1n ser cedidos a las empresas o profesionales encargados de prestar los servicios derivados del programa de puntos al que se accede por participar en OKENCASA.<\/li>\n<li>Los datos personales contenidos en documentos, tales como informes m\u00e9dicos, historias cl\u00ednicas, etc., que puedan ser almacenados o compartidos a trav\u00e9s de la aplicaci\u00f3n OKENCASA, se comunicar\u00e1n para su custodia y seguridad a la entidad <strong>METAPOSTA S.A<\/strong>. (https:\/\/www.metaposta.com\/es\/politica-de-privacidad.html.)<\/li>\n<\/ul>\n<p>OKENCASA no ceder\u00e1 sus datos personales a otros terceros salvo que estemos obligados legalmente a ello, o bien, usted nos lo haya autorizado expresamente. Tampoco se tienen previstas cesiones o transferencias internacionales distintas a las mencionadas.<\/p>\n<p>La aceptaci\u00f3n de esta pol\u00edtica de Privacidad supone que usted autoriza expresamente estas cesiones de datos con las finalidades previstas.<\/p>\n<h4 data-index=\"5.--que-derechos-tiene-usted\">\u00bfQu\u00e9 derechos tiene usted?<\/h4>\n<p>Cualquier persona usuaria OKENCASA tiene derecho a obtener confirmaci\u00f3n sobre como se tratan los datos personales que le conciernan, o no.<\/p>\n<ul>\n<li><strong>Derecho de acceso: <\/strong>permite al interesado conocer y obtener informaci\u00f3n sobre sus datos de car\u00e1cter personal sometidos a tratamiento.<\/li>\n<li><strong>Derecho de rectificaci\u00f3n:<\/strong> permite corregir errores, modificar los datos que resulten ser inexactos o incompletos y garantizar la certeza de la informaci\u00f3n objeto del tratamiento.<\/li>\n<li><strong>Derecho de supresi\u00f3n: <\/strong>permite solicitar la eliminaci\u00f3n de los datos objeto de tratamiento.<\/li>\n<li><strong>Derecho de oposici\u00f3n:<\/strong> derecho del interesado a que no se lleve a cabo el tratamiento de sus datos de car\u00e1cter personal o se cese en el mismo.<\/li>\n<li><strong>Limitaci\u00f3n del tratamiento:<\/strong> En determinadas circunstancias, los interesados podr\u00e1n solicitar la limitaci\u00f3n del tratamiento de sus datos, en cuyo caso \u00fanicamente se conservar\u00e1n para el ejercicio o defensa de reclamaciones.<\/li>\n<li><strong>Portabilidad de los datos:<\/strong> las personas interesadas pueden solicitar recibir los datos que le incumban y que nos haya facilitado o que \u2013siempre que t\u00e9cnicamente sea posible\u2013 se los enviemos a otro responsable de tratamiento de su elecci\u00f3n, en un formato estructurado de uso com\u00fan y lectura mec\u00e1nica.<\/li>\n<li><strong>Derecho a no ser objeto de decisiones individuales automatizadas<\/strong> (incluida la elaboraci\u00f3n de perfiles): derecho a no ser objeto de una decisi\u00f3n basada en el tratamiento automatizado que produzca efectos o afecte significativamente.<\/li>\n<\/ul>\n<p>Asimismo, el interesado tiene derecho a retirar en cualquier momento el consentimiento prestado, sin que ello afecte a la licitud del tratamiento basado en el consentimiento prestado en el momento de facilitarnos sus datos<\/p>\n<p><span class=\"\">Si desea ejercer alguno de los derechos expuestos, rogamos que nos remita carta con todos sus datos a: DIGIZEN INTERACTIVE S.L., NIF: B42812859 \u2013 Edificio Akarregi \u00b7 Pol\u00edgono Akarregi, 10 \u00b7 Planta 1\u00aa \u00b7 Oficina 114 \u00b7 20120 Hernani o nos env\u00ede un e-mail a\u00a0<\/span><span class=\"\"><span class=\"\" style=\"color: #ff0000;\"><a class=\"\" href=\"mailto:dpd_okencasa@iurism%C3%A1tica.com\">dpd_okencasa@iurism\u00e1tica.com<\/a>\u00a0<\/span><\/span><span class=\"\">adjuntando su DNI o cualquier otra documentaci\u00f3n identificativa v\u00e1lida.<\/span><\/p>\n<p>OKENCASA le informa igualmente del derecho que le asiste de presentar una reclamaci\u00f3n ante la Agencia Espa\u00f1ola de Protecci\u00f3n de Datos (<a href=\"http:\/\/www.agpd.es\/\">www.agpd.es<\/a>)[\/vc_column_text][\/vc_column][vc_column width=&#8221;1\/4&#8243;][\/vc_column][\/vc_row]<\/p>\n<\/div>","protected":false},"excerpt":{"rendered":"<p>[vc_row row_height_percent=&#8221;0&#8243; override_padding=&#8221;yes&#8221; h_padding=&#8221;2&#8243; top_padding=&#8221;4&#8243; bottom_padding=&#8221;4&#8243; back_color=&#8221;color-200743&#8243; overlay_alpha=&#8221;0&#8243; gutter_size=&#8221;3&#8243; column_width_percent=&#8221;100&#8243; shift_y=&#8221;0&#8243; z_index=&#8221;0&#8243; enable_top_divider=&#8221;default&#8221; top_divider_inv=&#8221;curve-asym-opacity&#8221; shape_top_invert=&#8221;yes&#8221; shape_top_flip=&#8221;yes&#8221; shape_top_h_use_pixel=&#8221;&#8221; shape_top_height=&#8221;50&#8243; shape_top_color=&#8221;color-154535&#8243; shape_top_opacity=&#8221;100&#8243; [&hellip;]<\/p>\n","protected":false},"author":2,"featured_media":0,"parent":0,"menu_order":6,"comment_status":"closed","ping_status":"closed","template":"","meta":{"footnotes":""},"class_list":["post-85706","page","type-page","status-publish","hentry"],"yoast_head":"<!-- This site is optimized with the Yoast SEO plugin v23.7 - https:\/\/yoast.com\/wordpress\/plugins\/seo\/ -->\n<title>OKencasa \u00b7 Pribatutasun politika<\/title>\n<meta name=\"description\" content=\"Pribatutasun politika\" \/>\n<meta name=\"robots\" content=\"noindex, nofollow\" \/>\n<meta property=\"og:locale\" content=\"en_US\" \/>\n<meta property=\"og:type\" content=\"article\" \/>\n<meta property=\"og:title\" content=\"OKencasa \u00b7 Pribatutasun politika\" \/>\n<meta property=\"og:description\" content=\"Pribatutasun politika\" \/>\n<meta property=\"og:url\" content=\"https:\/\/okencasa.com\/eu\/politica-de-privacidad\/\" \/>\n<meta property=\"og:site_name\" content=\"OKencasa - Cuidando a quienes cuidan\" \/>\n<meta property=\"article:publisher\" content=\"https:\/\/www.facebook.com\/okencasa\" \/>\n<meta property=\"article:modified_time\" content=\"2023-04-13T07:42:24+00:00\" \/>\n<meta name=\"twitter:card\" content=\"summary_large_image\" \/>\n<meta name=\"twitter:site\" content=\"@okencasa\" \/>\n<meta name=\"twitter:label1\" content=\"Est. reading time\" \/>\n\t<meta name=\"twitter:data1\" content=\"8 minutua\" \/>\n<script type=\"application\/ld+json\" class=\"yoast-schema-graph\">{\"@context\":\"https:\/\/schema.org\",\"@graph\":[{\"@type\":\"WebPage\",\"@id\":\"https:\/\/okencasa.com\/eu\/politica-de-privacidad\/\",\"url\":\"https:\/\/okencasa.com\/eu\/politica-de-privacidad\/\",\"name\":\"OKencasa \u00b7 Pribatutasun politika\",\"isPartOf\":{\"@id\":\"https:\/\/okencasa.com\/eu\/#website\"},\"datePublished\":\"2020-08-04T07:46:22+00:00\",\"dateModified\":\"2023-04-13T07:42:24+00:00\",\"description\":\"Pribatutasun politika\",\"breadcrumb\":{\"@id\":\"https:\/\/okencasa.com\/eu\/politica-de-privacidad\/#breadcrumb\"},\"inLanguage\":\"eu\",\"potentialAction\":[{\"@type\":\"ReadAction\",\"target\":[\"https:\/\/okencasa.com\/eu\/politica-de-privacidad\/\"]}]},{\"@type\":\"BreadcrumbList\",\"@id\":\"https:\/\/okencasa.com\/eu\/politica-de-privacidad\/#breadcrumb\",\"itemListElement\":[{\"@type\":\"ListItem\",\"position\":1,\"name\":\"Portada\",\"item\":\"https:\/\/okencasa.com\/eu\/\"},{\"@type\":\"ListItem\",\"position\":2,\"name\":\"Pribatutasun politika\"}]},{\"@type\":\"WebSite\",\"@id\":\"https:\/\/okencasa.com\/eu\/#website\",\"url\":\"https:\/\/okencasa.com\/eu\/\",\"name\":\"OKencasa - Cuidando a quienes cuidan\",\"description\":\"Programa de apoyo a personas que cuidan a familiares dependientes en el domicilio.\",\"potentialAction\":[{\"@type\":\"SearchAction\",\"target\":{\"@type\":\"EntryPoint\",\"urlTemplate\":\"https:\/\/okencasa.com\/eu\/?s={search_term_string}\"},\"query-input\":{\"@type\":\"PropertyValueSpecification\",\"valueRequired\":true,\"valueName\":\"search_term_string\"}}],\"inLanguage\":\"eu\"}]}<\/script>\n<!-- \/ Yoast SEO plugin. -->","yoast_head_json":{"title":"OKencasa \u00b7 Pribatutasun politika","description":"Pribatutasun politika","robots":{"index":"noindex","follow":"nofollow"},"og_locale":"en_US","og_type":"article","og_title":"OKencasa \u00b7 Pribatutasun politika","og_description":"Pribatutasun politika","og_url":"https:\/\/okencasa.com\/eu\/politica-de-privacidad\/","og_site_name":"OKencasa - Cuidando a quienes cuidan","article_publisher":"https:\/\/www.facebook.com\/okencasa","article_modified_time":"2023-04-13T07:42:24+00:00","twitter_card":"summary_large_image","twitter_site":"@okencasa","twitter_misc":{"Est. reading time":"8 minutua"},"schema":{"@context":"https:\/\/schema.org","@graph":[{"@type":"WebPage","@id":"https:\/\/okencasa.com\/eu\/politica-de-privacidad\/","url":"https:\/\/okencasa.com\/eu\/politica-de-privacidad\/","name":"OKencasa \u00b7 Pribatutasun politika","isPartOf":{"@id":"https:\/\/okencasa.com\/eu\/#website"},"datePublished":"2020-08-04T07:46:22+00:00","dateModified":"2023-04-13T07:42:24+00:00","description":"Pribatutasun politika","breadcrumb":{"@id":"https:\/\/okencasa.com\/eu\/politica-de-privacidad\/#breadcrumb"},"inLanguage":"eu","potentialAction":[{"@type":"ReadAction","target":["https:\/\/okencasa.com\/eu\/politica-de-privacidad\/"]}]},{"@type":"BreadcrumbList","@id":"https:\/\/okencasa.com\/eu\/politica-de-privacidad\/#breadcrumb","itemListElement":[{"@type":"ListItem","position":1,"name":"Portada","item":"https:\/\/okencasa.com\/eu\/"},{"@type":"ListItem","position":2,"name":"Pribatutasun politika"}]},{"@type":"WebSite","@id":"https:\/\/okencasa.com\/eu\/#website","url":"https:\/\/okencasa.com\/eu\/","name":"OKencasa - Cuidando a quienes cuidan","description":"Programa de apoyo a personas que cuidan a familiares dependientes en el domicilio.","potentialAction":[{"@type":"SearchAction","target":{"@type":"EntryPoint","urlTemplate":"https:\/\/okencasa.com\/eu\/?s={search_term_string}"},"query-input":{"@type":"PropertyValueSpecification","valueRequired":true,"valueName":"search_term_string"}}],"inLanguage":"eu"}]}},"_links":{"self":[{"href":"https:\/\/okencasa.com\/eu\/wp-json\/wp\/v2\/pages\/85706"}],"collection":[{"href":"https:\/\/okencasa.com\/eu\/wp-json\/wp\/v2\/pages"}],"about":[{"href":"https:\/\/okencasa.com\/eu\/wp-json\/wp\/v2\/types\/page"}],"author":[{"embeddable":true,"href":"https:\/\/okencasa.com\/eu\/wp-json\/wp\/v2\/users\/2"}],"replies":[{"embeddable":true,"href":"https:\/\/okencasa.com\/eu\/wp-json\/wp\/v2\/comments?post=85706"}],"version-history":[{"count":12,"href":"https:\/\/okencasa.com\/eu\/wp-json\/wp\/v2\/pages\/85706\/revisions"}],"predecessor-version":[{"id":86366,"href":"https:\/\/okencasa.com\/eu\/wp-json\/wp\/v2\/pages\/85706\/revisions\/86366"}],"wp:attachment":[{"href":"https:\/\/okencasa.com\/eu\/wp-json\/wp\/v2\/media?parent=85706"}],"curies":[{"name":"wp","href":"https:\/\/api.w.org\/{rel}","templated":true}]}}