{"id":85700,"date":"2020-08-04T07:46:22","date_gmt":"2020-08-04T07:46:22","guid":{"rendered":"https:\/\/www.okencasa.com\/politica-de-cookies\/"},"modified":"2023-04-12T10:28:47","modified_gmt":"2023-04-12T08:28:47","slug":"politica-de-cookies","status":"publish","type":"page","link":"https:\/\/okencasa.com\/eu\/politica-de-cookies\/","title":{"rendered":"Cookie politika"},"content":{"rendered":"<div class=\"wpb-content-wrapper\"><p>[vc_row row_height_percent=&#8221;0&#8243; override_padding=&#8221;yes&#8221; h_padding=&#8221;2&#8243; top_padding=&#8221;4&#8243; bottom_padding=&#8221;4&#8243; back_color=&#8221;color-200743&#8243; overlay_alpha=&#8221;10&#8243; gutter_size=&#8221;3&#8243; column_width_percent=&#8221;100&#8243; shift_y=&#8221;0&#8243; z_index=&#8221;0&#8243; enable_top_divider=&#8221;default&#8221; top_divider_inv=&#8221;curve-asym-opacity&#8221; shape_top_invert=&#8221;yes&#8221; shape_top_flip=&#8221;yes&#8221; shape_top_h_use_pixel=&#8221;&#8221; shape_top_height=&#8221;50&#8243; shape_top_color=&#8221;color-154535&#8243; shape_top_opacity=&#8221;100&#8243; shape_top_index=&#8221;0&#8243; enable_bottom_divider=&#8221;default&#8221; bottom_divider_inv=&#8221;curve-asym-opacity&#8221; shape_bottom_invert=&#8221;yes&#8221; shape_bottom_h_use_pixel=&#8221;&#8221; shape_bottom_height=&#8221;100&#8243; shape_bottom_color=&#8221;color-000&#8243; shape_bottom_opacity=&#8221;100&#8243; shape_bottom_index=&#8221;0&#8243;][vc_column width=&#8221;1\/4&#8243;][\/vc_column][vc_column width=&#8221;1\/2&#8243;][vc_column_text uncode_shortcode_id=&#8221;158854&#8243;]<\/p>\n<h1>Pol\u00edtica de cookies<\/h1>\n<h5><strong>Responsable del sitio web:<\/strong><\/h5>\n<p>DIGIZEN INTERACTIVE S.L.<\/p>\n<p>NIF: B42812859<\/p>\n<p>Edificio Akarregi \u00b7 Pol\u00edgono Akarregi, 10 \u00b7 Planta 1\u00aa \u00b7 Oficina 114<br \/>\n20120 Hernani<\/p>\n<p>Tfno.: +34 943 096443<\/p>\n<p>Correo electr\u00f3nico: <a href=\"mailto:okencasa@www.okencasa.com\">okencasa@www.okencasa.com<\/a><\/p>\n<h5><strong>\u00bfQu\u00e9 son las cookies? <\/strong><\/h5>\n<p>Este sitio web utiliza cookies y\/o tecnolog\u00edas similares que almacenan y recuperan informaci\u00f3n cuando navegas. En general, estas tecnolog\u00edas pueden servir para finalidades muy diversas, como, por ejemplo, reconocerte como usuario, obtener informaci\u00f3n sobre tus h\u00e1bitos de navegaci\u00f3n, o personalizar la forma en que se muestra el contenido. Los usos concretos que hacemos de estas tecnolog\u00edas se describen a continuaci\u00f3n.<\/p>\n<h5><strong>\u00bfQu\u00e9 tipos de cookies se utilizan en esta p\u00e1gina web?<\/strong><\/h5>\n<p><strong>Cookies t\u00e9cnicas: <\/strong>son aquellas que permiten al usuario la navegaci\u00f3n a trav\u00e9s de una p\u00e1gina web.<\/p>\n<p><strong>Cookies de preferencias o personalizaci\u00f3n: <\/strong>son aquellas que permiten recordar informaci\u00f3n para que el usuario acceda al servicio con determinadas caracter\u00edsticas que pueden diferenciar su experiencia de la de otros usuarios.<\/p>\n<p><strong>De an\u00e1lisis: <\/strong>son aquellas que, tratadas por nosotros o por terceros, nos permiten cuantificar el n\u00famero de usuarios y as\u00ed realizar la medici\u00f3n y an\u00e1lisis estad\u00edstico de la utilizaci\u00f3n que hacen los usuarios del servicio ofertado. Para ello se analiza su navegaci\u00f3n en nuestra p\u00e1gina web con el fin de mejorar la oferta de productos o servicios que le ofrecemos. La aplicaci\u00f3n que utilizamos para obtener informaci\u00f3n de la navegaci\u00f3n, medir y analizar la audiencia, es Google Analytics, (https:\/\/www.google.com\/intl\/es_es\/policies\/technologies\/cookies\/) que nos presta el servicio de medici\u00f3n y an\u00e1lisis de la audiencia de nuestras p\u00e1ginas.<\/p>\n<p>Tenga en cuenta que, si acepta las cookies de terceros, deber\u00e1 eliminarlas desde las opciones del navegador o desde el sistema ofrecido por los propios terceros que se indican a continuaci\u00f3n:<em>\u00a0<\/em><\/p>\n<ul>\n<li><strong>Chrome:<\/strong> https:\/\/support.google.com\/accounts\/answer\/61416?hl=eshttps:\/\/policies.google.com\/privacy?hl=es&amp;fg=1<\/li>\n<li><strong>Firefox:<\/strong> https:\/\/support.mozilla.org\/es\/kb\/habilitar-y-deshabilitar-cookies-sitios-web-rastrear-preferencias?redirectlocale=es&amp;redirectslug=habilitar-y-deshabilitar-cookies-que-los-sitios-we<\/li>\n<li><strong>Edge:<\/strong> http:\/\/windows.microsoft.com\/es-es\/windows-10\/edge-privacy-faq<\/li>\n<li><strong>Opera<\/strong>: http:\/\/help.opera.com\/Linux\/10.60\/es-ES\/cookies.html<\/li>\n<li><strong>Safari:<\/strong> https:\/\/www.apple.com\/legal\/privacy\/es\/cookies\/<\/li>\n<\/ul>\n<h5><strong>Periodo de conservaci\u00f3n<\/strong><\/h5>\n<p><strong>a) Cookies de sesi\u00f3n: <\/strong>Se suelen emplear para almacenar informaci\u00f3n que solo interesa conservar para la prestaci\u00f3n del servicio solicitado por el usuario en una sola ocasi\u00f3n y desaparecen al terminar la sesi\u00f3n.<\/p>\n<p><strong>b) Cookies persistentes: <\/strong>son aquellas en las que los datos siguen almacenados en el terminal y pueden ser accedidos y tratados durante un periodo de 30 d\u00edas.<\/p>\n<h5><strong>Consultas y m\u00e1s informaci\u00f3n sobre cookies:<\/strong><\/h5>\n<p>Si tiene alguna consulta sobre esta Pol\u00edtica de Cookies puede dirigirse a\u00a0 <a href=\"mailto:okencasa@www.okencasa.com\"><strong>okencasa@www.okencasa.com<\/strong><\/a><\/p>\n<p>Adem\u00e1s, si no desea que sus datos se recopilen con Google Analytics, puede instalar su complemento de inhabilitaci\u00f3n para navegadores como se indica en: <a href=\"https:\/\/support.google.com\/analytics\/answer\/181881?hl=es&amp;ref_topic=2919631\">https:\/\/support.google.com\/analytics\/answer\/181881?hl=es&amp;ref_topic=2919631<\/a><\/p>\n<p>Finalmente, si desea obtener m\u00e1s informaci\u00f3n sobre las cookies, puede consultar la Gu\u00eda sobre el uso de las cookies de la Agencia Espa\u00f1ola de Protecci\u00f3n de Datos (<a href=\"https:\/\/www.aepd.es\/sites\/default\/files\/2020-07\/guia-cookies.pdf\"><strong>AEPD<\/strong><\/a>).[\/vc_column_text][\/vc_column][vc_column width=&#8221;1\/4&#8243;][\/vc_column][\/vc_row]<\/p>\n<\/div>","protected":false},"excerpt":{"rendered":"<p>[vc_row row_height_percent=&#8221;0&#8243; override_padding=&#8221;yes&#8221; h_padding=&#8221;2&#8243; top_padding=&#8221;4&#8243; bottom_padding=&#8221;4&#8243; back_color=&#8221;color-200743&#8243; overlay_alpha=&#8221;10&#8243; gutter_size=&#8221;3&#8243; column_width_percent=&#8221;100&#8243; shift_y=&#8221;0&#8243; z_index=&#8221;0&#8243; enable_top_divider=&#8221;default&#8221; top_divider_inv=&#8221;curve-asym-opacity&#8221; shape_top_invert=&#8221;yes&#8221; shape_top_flip=&#8221;yes&#8221; shape_top_h_use_pixel=&#8221;&#8221; shape_top_height=&#8221;50&#8243; shape_top_color=&#8221;color-154535&#8243; shape_top_opacity=&#8221;100&#8243; [&hellip;]<\/p>\n","protected":false},"author":2,"featured_media":0,"parent":0,"menu_order":7,"comment_status":"closed","ping_status":"closed","template":"","meta":{"footnotes":""},"class_list":["post-85700","page","type-page","status-publish","hentry"],"yoast_head":"<!-- This site is optimized with the Yoast SEO plugin v23.7 - https:\/\/yoast.com\/wordpress\/plugins\/seo\/ -->\n<title>OKencasa \u00b7 Cookie politika<\/title>\n<meta name=\"description\" content=\"Cookie politika\" \/>\n<meta name=\"robots\" content=\"noindex, nofollow\" \/>\n<meta property=\"og:locale\" content=\"en_US\" \/>\n<meta property=\"og:type\" content=\"article\" \/>\n<meta property=\"og:title\" content=\"OKencasa \u00b7 Cookie politika\" \/>\n<meta property=\"og:description\" content=\"Cookie politika\" \/>\n<meta property=\"og:url\" content=\"https:\/\/okencasa.com\/eu\/politica-de-cookies\/\" \/>\n<meta property=\"og:site_name\" content=\"OKencasa - Cuidando a quienes cuidan\" \/>\n<meta property=\"article:publisher\" content=\"https:\/\/www.facebook.com\/okencasa\" \/>\n<meta property=\"article:modified_time\" content=\"2023-04-12T08:28:47+00:00\" \/>\n<meta name=\"twitter:card\" content=\"summary_large_image\" \/>\n<meta name=\"twitter:site\" content=\"@okencasa\" \/>\n<meta name=\"twitter:label1\" content=\"Est. reading time\" \/>\n\t<meta name=\"twitter:data1\" content=\"3 minutua\" \/>\n<script type=\"application\/ld+json\" class=\"yoast-schema-graph\">{\"@context\":\"https:\/\/schema.org\",\"@graph\":[{\"@type\":\"WebPage\",\"@id\":\"https:\/\/okencasa.com\/eu\/politica-de-cookies\/\",\"url\":\"https:\/\/okencasa.com\/eu\/politica-de-cookies\/\",\"name\":\"OKencasa \u00b7 Cookie politika\",\"isPartOf\":{\"@id\":\"https:\/\/okencasa.com\/eu\/#website\"},\"datePublished\":\"2020-08-04T07:46:22+00:00\",\"dateModified\":\"2023-04-12T08:28:47+00:00\",\"description\":\"Cookie politika\",\"breadcrumb\":{\"@id\":\"https:\/\/okencasa.com\/eu\/politica-de-cookies\/#breadcrumb\"},\"inLanguage\":\"eu\",\"potentialAction\":[{\"@type\":\"ReadAction\",\"target\":[\"https:\/\/okencasa.com\/eu\/politica-de-cookies\/\"]}]},{\"@type\":\"BreadcrumbList\",\"@id\":\"https:\/\/okencasa.com\/eu\/politica-de-cookies\/#breadcrumb\",\"itemListElement\":[{\"@type\":\"ListItem\",\"position\":1,\"name\":\"Portada\",\"item\":\"https:\/\/okencasa.com\/eu\/\"},{\"@type\":\"ListItem\",\"position\":2,\"name\":\"Cookie politika\"}]},{\"@type\":\"WebSite\",\"@id\":\"https:\/\/okencasa.com\/eu\/#website\",\"url\":\"https:\/\/okencasa.com\/eu\/\",\"name\":\"OKencasa - Cuidando a quienes cuidan\",\"description\":\"Programa de apoyo a personas que cuidan a familiares dependientes en el domicilio.\",\"potentialAction\":[{\"@type\":\"SearchAction\",\"target\":{\"@type\":\"EntryPoint\",\"urlTemplate\":\"https:\/\/okencasa.com\/eu\/?s={search_term_string}\"},\"query-input\":{\"@type\":\"PropertyValueSpecification\",\"valueRequired\":true,\"valueName\":\"search_term_string\"}}],\"inLanguage\":\"eu\"}]}<\/script>\n<!-- \/ Yoast SEO plugin. -->","yoast_head_json":{"title":"OKencasa \u00b7 Cookie politika","description":"Cookie politika","robots":{"index":"noindex","follow":"nofollow"},"og_locale":"en_US","og_type":"article","og_title":"OKencasa \u00b7 Cookie politika","og_description":"Cookie politika","og_url":"https:\/\/okencasa.com\/eu\/politica-de-cookies\/","og_site_name":"OKencasa - Cuidando a quienes cuidan","article_publisher":"https:\/\/www.facebook.com\/okencasa","article_modified_time":"2023-04-12T08:28:47+00:00","twitter_card":"summary_large_image","twitter_site":"@okencasa","twitter_misc":{"Est. reading time":"3 minutua"},"schema":{"@context":"https:\/\/schema.org","@graph":[{"@type":"WebPage","@id":"https:\/\/okencasa.com\/eu\/politica-de-cookies\/","url":"https:\/\/okencasa.com\/eu\/politica-de-cookies\/","name":"OKencasa \u00b7 Cookie politika","isPartOf":{"@id":"https:\/\/okencasa.com\/eu\/#website"},"datePublished":"2020-08-04T07:46:22+00:00","dateModified":"2023-04-12T08:28:47+00:00","description":"Cookie politika","breadcrumb":{"@id":"https:\/\/okencasa.com\/eu\/politica-de-cookies\/#breadcrumb"},"inLanguage":"eu","potentialAction":[{"@type":"ReadAction","target":["https:\/\/okencasa.com\/eu\/politica-de-cookies\/"]}]},{"@type":"BreadcrumbList","@id":"https:\/\/okencasa.com\/eu\/politica-de-cookies\/#breadcrumb","itemListElement":[{"@type":"ListItem","position":1,"name":"Portada","item":"https:\/\/okencasa.com\/eu\/"},{"@type":"ListItem","position":2,"name":"Cookie politika"}]},{"@type":"WebSite","@id":"https:\/\/okencasa.com\/eu\/#website","url":"https:\/\/okencasa.com\/eu\/","name":"OKencasa - Cuidando a quienes cuidan","description":"Programa de apoyo a personas que cuidan a familiares dependientes en el domicilio.","potentialAction":[{"@type":"SearchAction","target":{"@type":"EntryPoint","urlTemplate":"https:\/\/okencasa.com\/eu\/?s={search_term_string}"},"query-input":{"@type":"PropertyValueSpecification","valueRequired":true,"valueName":"search_term_string"}}],"inLanguage":"eu"}]}},"_links":{"self":[{"href":"https:\/\/okencasa.com\/eu\/wp-json\/wp\/v2\/pages\/85700"}],"collection":[{"href":"https:\/\/okencasa.com\/eu\/wp-json\/wp\/v2\/pages"}],"about":[{"href":"https:\/\/okencasa.com\/eu\/wp-json\/wp\/v2\/types\/page"}],"author":[{"embeddable":true,"href":"https:\/\/okencasa.com\/eu\/wp-json\/wp\/v2\/users\/2"}],"replies":[{"embeddable":true,"href":"https:\/\/okencasa.com\/eu\/wp-json\/wp\/v2\/comments?post=85700"}],"version-history":[{"count":8,"href":"https:\/\/okencasa.com\/eu\/wp-json\/wp\/v2\/pages\/85700\/revisions"}],"predecessor-version":[{"id":86360,"href":"https:\/\/okencasa.com\/eu\/wp-json\/wp\/v2\/pages\/85700\/revisions\/86360"}],"wp:attachment":[{"href":"https:\/\/okencasa.com\/eu\/wp-json\/wp\/v2\/media?parent=85700"}],"curies":[{"name":"wp","href":"https:\/\/api.w.org\/{rel}","templated":true}]}}